{"id":980,"date":"2024-12-10T14:43:17","date_gmt":"2024-12-10T14:43:17","guid":{"rendered":"http:\/\/bueroklammer-zittau.de\/?page_id=980"},"modified":"2024-12-10T14:43:18","modified_gmt":"2024-12-10T14:43:18","slug":"b2b-bueroartikel-auslieferung-shop-zittau-loebau","status":"publish","type":"page","link":"http:\/\/bueroklammer-zittau.de\/?page_id=980","title":{"rendered":"B2B B\u00fcroartikel Auslieferung Shop Zittau &#8211; L\u00f6bau"},"content":{"rendered":"<p style=\"text-align: center;\"><span class=\"\" style=\"display:block;clear:both;height: 0px;padding-top: 40px;border-top-width:0px;border-bottom-width:0px;\"><\/span><\/p>\n<p>In unserem Online Angebot f\u00fcr Gewerbekunden im Gro\u00dfraum Zittau bis L\u00f6bau finden Sie eine gro\u00dfe Auswahl von B\u00fcroartikeln zur Anlieferung, DHL Versand oder zur Selbstabholung. Entscheiden Sie selbst und unterst\u00fctzen unsere Region.<br \/>\nWir freuen uns auf Sie!<br \/>\n<a class=\"button primary-button\" href=\"https:\/\/www.mein-bueroexpress.de\/storefront\/home.html\" target=\"_blank\" rel=\"noopener\">Link zu www.Mein-Bueroexpress.de<\/a><\/p>\n<p style=\"text-align: center;\"><span style=\"color: #000000;\"><span class=\"\" style=\"display:block;clear:both;height: 0px;padding-top: 40px;border-top-width:0px;border-bottom-width:0px;\"><\/span><\/span><\/p>\n","protected":false},"excerpt":{"rendered":"<p>In unserem Online Angebot f\u00fcr Gewerbekunden im Gro\u00dfraum Zittau bis L\u00f6bau finden Sie eine gro\u00dfe Auswahl von B\u00fcroartikeln zur Anlieferung, DHL Versand oder zur Selbstabholung. Entscheiden Sie selbst und unterst\u00fctzen unsere Region. Wir freuen uns auf Sie! Link zu www.Mein-Bueroexpress.de<\/p>\n","protected":false},"author":1,"featured_media":0,"parent":0,"menu_order":0,"comment_status":"closed","ping_status":"closed","template":"","meta":{"footnotes":""},"_links":{"self":[{"href":"http:\/\/bueroklammer-zittau.de\/index.php?rest_route=\/wp\/v2\/pages\/980"}],"collection":[{"href":"http:\/\/bueroklammer-zittau.de\/index.php?rest_route=\/wp\/v2\/pages"}],"about":[{"href":"http:\/\/bueroklammer-zittau.de\/index.php?rest_route=\/wp\/v2\/types\/page"}],"author":[{"embeddable":true,"href":"http:\/\/bueroklammer-zittau.de\/index.php?rest_route=\/wp\/v2\/users\/1"}],"replies":[{"embeddable":true,"href":"http:\/\/bueroklammer-zittau.de\/index.php?rest_route=%2Fwp%2Fv2%2Fcomments&post=980"}],"version-history":[{"count":3,"href":"http:\/\/bueroklammer-zittau.de\/index.php?rest_route=\/wp\/v2\/pages\/980\/revisions"}],"predecessor-version":[{"id":983,"href":"http:\/\/bueroklammer-zittau.de\/index.php?rest_route=\/wp\/v2\/pages\/980\/revisions\/983"}],"wp:attachment":[{"href":"http:\/\/bueroklammer-zittau.de\/index.php?rest_route=%2Fwp%2Fv2%2Fmedia&parent=980"}],"curies":[{"name":"wp","href":"https:\/\/api.w.org\/{rel}","templated":true}]}}