{"id":738,"date":"2024-01-28T15:10:45","date_gmt":"2024-01-28T15:10:45","guid":{"rendered":"http:\/\/bueroklammer-zittau.de\/?page_id=738"},"modified":"2024-11-02T18:08:51","modified_gmt":"2024-11-02T18:08:51","slug":"dienstleistungen","status":"publish","type":"page","link":"http:\/\/bueroklammer-zittau.de\/?page_id=738","title":{"rendered":"Dienstleistungen"},"content":{"rendered":"<p>Bitte beachten Sie, dass einige Dienstleistungen nicht sofort erstellt werden k\u00f6nnen. Fragen Sie gerne vorab telefonisch nach.<\/p>\n<p>Wir bieten Ihnen folgende Dienstleistungen:<\/p>\n<p><img loading=\"lazy\" decoding=\"async\" class=\"alignnone size-full wp-image-955\" src=\"http:\/\/bueroklammer-zittau.de\/wp-content\/uploads\/2024\/08\/Dienstleistungen-Preise-S1-1.jpg\" alt=\"\" width=\"1053\" height=\"1486\" srcset=\"http:\/\/bueroklammer-zittau.de\/wp-content\/uploads\/2024\/08\/Dienstleistungen-Preise-S1-1.jpg 1053w, http:\/\/bueroklammer-zittau.de\/wp-content\/uploads\/2024\/08\/Dienstleistungen-Preise-S1-1-768x1084.jpg 768w, http:\/\/bueroklammer-zittau.de\/wp-content\/uploads\/2024\/08\/Dienstleistungen-Preise-S1-1-300x423.jpg 300w, http:\/\/bueroklammer-zittau.de\/wp-content\/uploads\/2024\/08\/Dienstleistungen-Preise-S1-1-600x847.jpg 600w, http:\/\/bueroklammer-zittau.de\/wp-content\/uploads\/2024\/08\/Dienstleistungen-Preise-S1-1-64x90.jpg 64w\" sizes=\"(max-width: 1053px) 100vw, 1053px\" \/><\/p>\n<p><img loading=\"lazy\" decoding=\"async\" class=\"alignnone size-full wp-image-950\" src=\"http:\/\/bueroklammer-zittau.de\/wp-content\/uploads\/2024\/08\/Dienstleistungen-Preise-S1.jpg\" alt=\"\" width=\"1079\" height=\"1520\" srcset=\"http:\/\/bueroklammer-zittau.de\/wp-content\/uploads\/2024\/08\/Dienstleistungen-Preise-S1.jpg 1079w, http:\/\/bueroklammer-zittau.de\/wp-content\/uploads\/2024\/08\/Dienstleistungen-Preise-S1-768x1082.jpg 768w, http:\/\/bueroklammer-zittau.de\/wp-content\/uploads\/2024\/08\/Dienstleistungen-Preise-S1-300x423.jpg 300w, http:\/\/bueroklammer-zittau.de\/wp-content\/uploads\/2024\/08\/Dienstleistungen-Preise-S1-600x845.jpg 600w, http:\/\/bueroklammer-zittau.de\/wp-content\/uploads\/2024\/08\/Dienstleistungen-Preise-S1-64x90.jpg 64w\" sizes=\"(max-width: 1079px) 100vw, 1079px\" \/><\/p>\n<p>Stempelerstellung und -zubeh\u00f6r<\/p>\n<p>Kopieren, Drucken, Laminieren, Scans f\u00fcr A3, A4<\/p>\n<p>Gro\u00dfformatdrucke, -kopien, -scans und Laminieren in Farbe und s\/w f\u00fcr die Gr\u00f6\u00dfen A2 bis A0<\/p>\n<p>Bucheinschlagen in allen Gr\u00f6\u00dfen in unterschiedlichen Farben<\/p>\n<p>Personalisierung von Gl\u00e4sern als Geeschenk f\u00fcr Ihre Liebsten:<\/p>\n<p><img loading=\"lazy\" decoding=\"async\" class=\"alignnone  wp-image-733\" src=\"http:\/\/bueroklammer-zittau.de\/wp-content\/uploads\/2024\/01\/beide--1792x1836.jpg\" alt=\"\" width=\"227\" height=\"233\" srcset=\"http:\/\/bueroklammer-zittau.de\/wp-content\/uploads\/2024\/01\/beide--1792x1836.jpg 1792w, http:\/\/bueroklammer-zittau.de\/wp-content\/uploads\/2024\/01\/beide--scaled-600x615.jpg 600w, http:\/\/bueroklammer-zittau.de\/wp-content\/uploads\/2024\/01\/beide--scaled-64x66.jpg 64w, http:\/\/bueroklammer-zittau.de\/wp-content\/uploads\/2024\/01\/beide--1836x1881.jpg 1836w, http:\/\/bueroklammer-zittau.de\/wp-content\/uploads\/2024\/01\/beide--768x787.jpg 768w, http:\/\/bueroklammer-zittau.de\/wp-content\/uploads\/2024\/01\/beide--1499x1536.jpg 1499w, http:\/\/bueroklammer-zittau.de\/wp-content\/uploads\/2024\/01\/beide--1999x2048.jpg 1999w, http:\/\/bueroklammer-zittau.de\/wp-content\/uploads\/2024\/01\/beide--300x307.jpg 300w\" sizes=\"(max-width: 227px) 100vw, 227px\" \/> <img loading=\"lazy\" decoding=\"async\" class=\"alignnone  wp-image-734\" src=\"http:\/\/bueroklammer-zittau.de\/wp-content\/uploads\/2024\/01\/Cocktailglas-1334x1836.jpg\" alt=\"\" width=\"169\" height=\"233\" srcset=\"http:\/\/bueroklammer-zittau.de\/wp-content\/uploads\/2024\/01\/Cocktailglas-1334x1836.jpg 1334w, http:\/\/bueroklammer-zittau.de\/wp-content\/uploads\/2024\/01\/Cocktailglas-scaled-600x825.jpg 600w, http:\/\/bueroklammer-zittau.de\/wp-content\/uploads\/2024\/01\/Cocktailglas-scaled-64x88.jpg 64w, http:\/\/bueroklammer-zittau.de\/wp-content\/uploads\/2024\/01\/Cocktailglas-1836x2526.jpg 1836w, http:\/\/bueroklammer-zittau.de\/wp-content\/uploads\/2024\/01\/Cocktailglas-768x1057.jpg 768w, http:\/\/bueroklammer-zittau.de\/wp-content\/uploads\/2024\/01\/Cocktailglas-1116x1536.jpg 1116w, http:\/\/bueroklammer-zittau.de\/wp-content\/uploads\/2024\/01\/Cocktailglas-1489x2048.jpg 1489w, http:\/\/bueroklammer-zittau.de\/wp-content\/uploads\/2024\/01\/Cocktailglas-300x413.jpg 300w, http:\/\/bueroklammer-zittau.de\/wp-content\/uploads\/2024\/01\/Cocktailglas-scaled.jpg 1861w\" sizes=\"(max-width: 169px) 100vw, 169px\" \/> <img loading=\"lazy\" decoding=\"async\" class=\"alignnone  wp-image-736\" src=\"http:\/\/bueroklammer-zittau.de\/wp-content\/uploads\/2024\/01\/Teeglas-1836x1730.jpg\" alt=\"\" width=\"247\" height=\"232\" srcset=\"http:\/\/bueroklammer-zittau.de\/wp-content\/uploads\/2024\/01\/Teeglas-1836x1730.jpg 1836w, http:\/\/bueroklammer-zittau.de\/wp-content\/uploads\/2024\/01\/Teeglas-600x565.jpg 600w, http:\/\/bueroklammer-zittau.de\/wp-content\/uploads\/2024\/01\/Teeglas-64x60.jpg 64w, http:\/\/bueroklammer-zittau.de\/wp-content\/uploads\/2024\/01\/Teeglas-768x724.jpg 768w, http:\/\/bueroklammer-zittau.de\/wp-content\/uploads\/2024\/01\/Teeglas-1536x1447.jpg 1536w, http:\/\/bueroklammer-zittau.de\/wp-content\/uploads\/2024\/01\/Teeglas-2048x1929.jpg 2048w, http:\/\/bueroklammer-zittau.de\/wp-content\/uploads\/2024\/01\/Teeglas-300x283.jpg 300w\" sizes=\"(max-width: 247px) 100vw, 247px\" \/><\/p>\n<p>Wir individualisieren Ihre Kugelschreiber und F\u00fcller, welche Sie unter anderem auch bei uns erwerben k\u00f6nnen:<\/p>\n<p><img loading=\"lazy\" decoding=\"async\" class=\"alignnone  wp-image-735\" src=\"http:\/\/bueroklammer-zittau.de\/wp-content\/uploads\/2024\/01\/Stifte-graviert-1836x670.jpeg\" alt=\"\" width=\"657\" height=\"240\" srcset=\"http:\/\/bueroklammer-zittau.de\/wp-content\/uploads\/2024\/01\/Stifte-graviert-1836x670.jpeg 1836w, http:\/\/bueroklammer-zittau.de\/wp-content\/uploads\/2024\/01\/Stifte-graviert-scaled-600x219.jpeg 600w, http:\/\/bueroklammer-zittau.de\/wp-content\/uploads\/2024\/01\/Stifte-graviert-scaled-64x23.jpeg 64w, http:\/\/bueroklammer-zittau.de\/wp-content\/uploads\/2024\/01\/Stifte-graviert-768x280.jpeg 768w, http:\/\/bueroklammer-zittau.de\/wp-content\/uploads\/2024\/01\/Stifte-graviert-1536x560.jpeg 1536w, http:\/\/bueroklammer-zittau.de\/wp-content\/uploads\/2024\/01\/Stifte-graviert-2048x747.jpeg 2048w, http:\/\/bueroklammer-zittau.de\/wp-content\/uploads\/2024\/01\/Stifte-graviert-300x109.jpeg 300w\" sizes=\"(max-width: 657px) 100vw, 657px\" \/><\/p>\n<p>Buchbinden in div Ausf\u00fchrungen (Ring-, Leim-, Klemmbindung), Cover mit Pr\u00e4gung<\/p>\n<p><img loading=\"lazy\" decoding=\"async\" class=\"alignnone size-medium wp-image-772\" src=\"http:\/\/bueroklammer-zittau.de\/wp-content\/uploads\/2024\/02\/Buchbindung-1377x1836.jpg\" alt=\"\" width=\"1377\" height=\"1836\" srcset=\"http:\/\/bueroklammer-zittau.de\/wp-content\/uploads\/2024\/02\/Buchbindung-1377x1836.jpg 1377w, http:\/\/bueroklammer-zittau.de\/wp-content\/uploads\/2024\/02\/Buchbindung-600x800.jpg 600w, http:\/\/bueroklammer-zittau.de\/wp-content\/uploads\/2024\/02\/Buchbindung-64x85.jpg 64w, http:\/\/bueroklammer-zittau.de\/wp-content\/uploads\/2024\/02\/Buchbindung-768x1024.jpg 768w, http:\/\/bueroklammer-zittau.de\/wp-content\/uploads\/2024\/02\/Buchbindung-1152x1536.jpg 1152w, http:\/\/bueroklammer-zittau.de\/wp-content\/uploads\/2024\/02\/Buchbindung-300x400.jpg 300w, http:\/\/bueroklammer-zittau.de\/wp-content\/uploads\/2024\/02\/Buchbindung.jpg 1536w\" sizes=\"(max-width: 1377px) 100vw, 1377px\" \/><\/p>\n","protected":false},"excerpt":{"rendered":"<p>Bitte beachten Sie, dass einige Dienstleistungen nicht sofort erstellt werden k\u00f6nnen. Fragen Sie gerne vorab telefonisch nach. Wir bieten Ihnen folgende Dienstleistungen: Stempelerstellung und -zubeh\u00f6r Kopieren, Drucken, Laminieren, Scans f\u00fcr A3, A4 Gro\u00dfformatdrucke, -kopien, -scans und Laminieren in Farbe und s\/w f\u00fcr die Gr\u00f6\u00dfen A2 bis A0 Bucheinschlagen in allen Gr\u00f6\u00dfen in unterschiedlichen Farben Personalisierung <a class=\"moretag\" href=\"http:\/\/bueroklammer-zittau.de\/?page_id=738\">Read More &#8230;<\/a><\/p>\n","protected":false},"author":1,"featured_media":0,"parent":0,"menu_order":0,"comment_status":"closed","ping_status":"closed","template":"","meta":{"footnotes":""},"_links":{"self":[{"href":"http:\/\/bueroklammer-zittau.de\/index.php?rest_route=\/wp\/v2\/pages\/738"}],"collection":[{"href":"http:\/\/bueroklammer-zittau.de\/index.php?rest_route=\/wp\/v2\/pages"}],"about":[{"href":"http:\/\/bueroklammer-zittau.de\/index.php?rest_route=\/wp\/v2\/types\/page"}],"author":[{"embeddable":true,"href":"http:\/\/bueroklammer-zittau.de\/index.php?rest_route=\/wp\/v2\/users\/1"}],"replies":[{"embeddable":true,"href":"http:\/\/bueroklammer-zittau.de\/index.php?rest_route=%2Fwp%2Fv2%2Fcomments&post=738"}],"version-history":[{"count":8,"href":"http:\/\/bueroklammer-zittau.de\/index.php?rest_route=\/wp\/v2\/pages\/738\/revisions"}],"predecessor-version":[{"id":958,"href":"http:\/\/bueroklammer-zittau.de\/index.php?rest_route=\/wp\/v2\/pages\/738\/revisions\/958"}],"wp:attachment":[{"href":"http:\/\/bueroklammer-zittau.de\/index.php?rest_route=%2Fwp%2Fv2%2Fmedia&parent=738"}],"curies":[{"name":"wp","href":"https:\/\/api.w.org\/{rel}","templated":true}]}}