{"id":42,"date":"2015-06-21T19:06:05","date_gmt":"2015-06-21T19:06:05","guid":{"rendered":"http:\/\/entspannter-wohnen.com\/?page_id=42"},"modified":"2024-12-10T14:45:23","modified_gmt":"2024-12-10T14:45:23","slug":"home","status":"publish","type":"page","link":"http:\/\/bueroklammer-zittau.de\/","title":{"rendered":"Entspannte B\u00fcroklammer"},"content":{"rendered":"<p style=\"text-align: center;\"><img loading=\"lazy\" decoding=\"async\" class=\"alignnone size-medium wp-image-836\" src=\"http:\/\/bueroklammer-zittau.de\/wp-content\/uploads\/2024\/02\/Bueroklammer_Logo_einzeilig-1836x324.png\" alt=\"\" width=\"1836\" height=\"324\" srcset=\"http:\/\/bueroklammer-zittau.de\/wp-content\/uploads\/2024\/02\/Bueroklammer_Logo_einzeilig-1836x324.png 1836w, http:\/\/bueroklammer-zittau.de\/wp-content\/uploads\/2024\/02\/Bueroklammer_Logo_einzeilig-600x106.png 600w, http:\/\/bueroklammer-zittau.de\/wp-content\/uploads\/2024\/02\/Bueroklammer_Logo_einzeilig-64x11.png 64w, http:\/\/bueroklammer-zittau.de\/wp-content\/uploads\/2024\/02\/Bueroklammer_Logo_einzeilig-768x135.png 768w, http:\/\/bueroklammer-zittau.de\/wp-content\/uploads\/2024\/02\/Bueroklammer_Logo_einzeilig-1536x271.png 1536w, http:\/\/bueroklammer-zittau.de\/wp-content\/uploads\/2024\/02\/Bueroklammer_Logo_einzeilig-2048x361.png 2048w, http:\/\/bueroklammer-zittau.de\/wp-content\/uploads\/2024\/02\/Bueroklammer_Logo_einzeilig-300x53.png 300w\" sizes=\"(max-width: 1836px) 100vw, 1836px\" \/><\/p>\n<p style=\"text-align: center;\"><span class=\"\" style=\"display:block;clear:both;height: 0px;padding-top: 20px;border-top-width:0px;border-bottom-width:0px;\"><\/span><\/p>\n<p><strong>In der historischen Altstadt von Zittau befindet sich unser Ladengesch\u00e4ft:<\/strong><\/p>\n<p><img loading=\"lazy\" decoding=\"async\" class=\"alignnone size-medium wp-image-693\" src=\"http:\/\/bueroklammer-zittau.de\/wp-content\/uploads\/2024\/01\/Aussen-1836x1152.jpg\" alt=\"\" width=\"1836\" height=\"1152\" srcset=\"http:\/\/bueroklammer-zittau.de\/wp-content\/uploads\/2024\/01\/Aussen-1836x1152.jpg 1836w, http:\/\/bueroklammer-zittau.de\/wp-content\/uploads\/2024\/01\/Aussen-scaled-600x376.jpg 600w, http:\/\/bueroklammer-zittau.de\/wp-content\/uploads\/2024\/01\/Aussen-scaled-64x40.jpg 64w, http:\/\/bueroklammer-zittau.de\/wp-content\/uploads\/2024\/01\/Aussen-768x482.jpg 768w, http:\/\/bueroklammer-zittau.de\/wp-content\/uploads\/2024\/01\/Aussen-1536x963.jpg 1536w, http:\/\/bueroklammer-zittau.de\/wp-content\/uploads\/2024\/01\/Aussen-2048x1285.jpg 2048w, http:\/\/bueroklammer-zittau.de\/wp-content\/uploads\/2024\/01\/Aussen-300x188.jpg 300w\" sizes=\"(max-width: 1836px) 100vw, 1836px\" \/><\/p>\n<h4><\/h4>\n<p><strong>ACHTUNG: Ab Montag, dem 26.08.2024, ist unser neuer HP Plotter\/Scanner\/Kopierer f\u00fcr Gr\u00f6\u00dfen ab A2 bis A0 einsatzbereit f\u00fcr Farbe&amp;s\/w,au\u00dferdem k\u00f6nnen wir auch bis A0 laminieren, also besuchen Sie uns!<br \/>\n<\/strong><\/p>\n<p><strong>Unser Angebot:<\/strong><\/p>\n<p>Stempelshop, Einzelhandel, Lotto, Post, Dienstleistungen (u.a. Kopieren, Scannen, Plotten, Drucken, Laminieren (alle Dienstleistungen k\u00f6nnen wir von A5 bis hin zu A0 durchf\u00fchren), B\u00fccher binden und pr\u00e4gen, B\u00fccher einschlagen in allen Gr\u00f6\u00dfen passgenau, u.v.m.)<\/p>\n<p><a class=\"button primary-button\" href=\"https:\/\/123178.stempelcloud24.com\/\" target=\"_blank\" rel=\"noopener\">Stempelshop<\/a> <a class=\"button primary-button\" href=\"http:\/\/bueroklammer-zittau.de\/?page_id=691\">Einzelhandel<\/a>\u00a0 <a class=\"button primary-button\" href=\"http:\/\/bueroklammer-zittau.de\/?page_id=738\">Dienstleistungen<\/a><\/p>\n<p><strong>Unser aktuellen \u00d6ffnungszeiten sind:<\/strong><\/p>\n<p><strong>Montag &#8211; Freitag\u00a0\u00a0\u00a0\u00a0\u00a0\u00a0\u00a0\u00a0\u00a0\u00a0\u00a0\u00a0\u00a0\u00a0\u00a0\u00a0\u00a0\u00a0\u00a0\u00a0\u00a0\u00a0\u00a0 09:00 Uhr &#8211; 18:00 Uhr<\/strong><\/p>\n<p><strong>Samstag\u00a0 \u00a0 \u00a0 \u00a0 \u00a0 \u00a0 \u00a0 \u00a0\u00a0\u00a0\u00a0\u00a0\u00a0\u00a0\u00a0\u00a0\u00a0\u00a0\u00a0\u00a0\u00a0\u00a0\u00a0\u00a0\u00a0\u00a0\u00a0\u00a0\u00a0\u00a0 09:00 Uhr &#8211; 12:30 Uhr<br \/>\n<\/strong><\/p>\n<span class=\"\" style=\"display:block;clear:both;height: 0px;padding-top: 40px;border-top-width:0px;border-bottom-width:0px;\"><\/span>\n<p><strong>Das Fachgesch\u00e4ft befindet sich:<\/strong><\/p>\n<p>Frauenstr. 7<\/p>\n<p>02763 Zittau<\/p>\n<p>Tel: 03583 586 5565<\/p>\n<p>Email: email@bueroklammer-zittau.de<\/p>\n<span class=\"\" style=\"display:block;clear:both;height: 0px;padding-top: 40px;border-top-width:0px;border-bottom-width:0px;\"><\/span>\n<p><strong>Besuchen Sie uns, wir freuen uns!<\/strong><\/p>\n<p>Die Entspannter B\u00fcroklammer ist eine Betriebsst\u00e4tte der:<\/p>\n<p style=\"text-align: center;\"><a href=\"http:\/\/entspannter-wohnen.com\/wp-content\/uploads\/2017\/05\/Logo_pur.png\"><img loading=\"lazy\" decoding=\"async\" class=\"alignnone wp-image-280\" src=\"http:\/\/entspannter-wohnen.com\/wp-content\/uploads\/2017\/05\/Logo_pur-300x97.png\" alt=\"\" width=\"433\" height=\"140\" srcset=\"http:\/\/bueroklammer-zittau.de\/wp-content\/uploads\/2017\/05\/Logo_pur-300x97.png 300w, http:\/\/bueroklammer-zittau.de\/wp-content\/uploads\/2017\/05\/Logo_pur-600x195.png 600w, http:\/\/bueroklammer-zittau.de\/wp-content\/uploads\/2017\/05\/Logo_pur-64x21.png 64w, http:\/\/bueroklammer-zittau.de\/wp-content\/uploads\/2017\/05\/Logo_pur-768x250.png 768w, http:\/\/bueroklammer-zittau.de\/wp-content\/uploads\/2017\/05\/Logo_pur-1024x333.png 1024w, http:\/\/bueroklammer-zittau.de\/wp-content\/uploads\/2017\/05\/Logo_pur.png 1819w\" sizes=\"(max-width: 433px) 100vw, 433px\" \/><\/a><\/p>\n<h4 style=\"text-align: center;\"><span style=\"color: #000000;\">Flexibel rund um Zittau und in der Oberlausitz mit Spezialisierung auf den Handwerkerservice (Fliesen, Boden, W\u00e4nde, Trockenbau)\u00a0 f\u00fcr Ihre Immobilie!<\/span><\/h4>\n<p><strong>Besuchen Sie unsere Webseite <a href=\"http:\/\/www.entspannter-wohnen.com\">www.Entspannter-Wohnen.com<\/a><\/strong><\/p>\n<p><strong>Wohnungsangebote finden Sie auch unter <a href=\"http:\/\/www.zittau-immo.de\">www.zittau-immo.de<\/a><\/strong><\/p>\n<p style=\"text-align: center;\"><strong><span style=\"color: #ff0000;\">Kontaktieren Sie uns!<\/span><\/strong><\/p>\n<p style=\"text-align: center;\"><span style=\"color: #000000;\">\u00a0<\/span><\/p>\n<p style=\"text-align: center;\"><span class=\"\" style=\"display:block;clear:both;height: 0px;padding-top: 80px;border-top-width:0px;border-bottom-width:0px;\"><\/span><\/p>\n","protected":false},"excerpt":{"rendered":"<p>In der historischen Altstadt von Zittau befindet sich unser Ladengesch\u00e4ft: ACHTUNG: Ab Montag, dem 26.08.2024, ist unser neuer HP Plotter\/Scanner\/Kopierer f\u00fcr Gr\u00f6\u00dfen ab A2 bis A0 einsatzbereit f\u00fcr Farbe&amp;s\/w,au\u00dferdem k\u00f6nnen wir auch bis A0 laminieren, also besuchen Sie uns! Unser Angebot: Stempelshop, Einzelhandel, Lotto, Post, Dienstleistungen (u.a. Kopieren, Scannen, Plotten, Drucken, Laminieren (alle Dienstleistungen k\u00f6nnen <a class=\"moretag\" href=\"http:\/\/bueroklammer-zittau.de\/\">Read More &#8230;<\/a><\/p>\n","protected":false},"author":1,"featured_media":0,"parent":0,"menu_order":0,"comment_status":"closed","ping_status":"closed","template":"full-width-page.php","meta":{"footnotes":""},"_links":{"self":[{"href":"http:\/\/bueroklammer-zittau.de\/index.php?rest_route=\/wp\/v2\/pages\/42"}],"collection":[{"href":"http:\/\/bueroklammer-zittau.de\/index.php?rest_route=\/wp\/v2\/pages"}],"about":[{"href":"http:\/\/bueroklammer-zittau.de\/index.php?rest_route=\/wp\/v2\/types\/page"}],"author":[{"embeddable":true,"href":"http:\/\/bueroklammer-zittau.de\/index.php?rest_route=\/wp\/v2\/users\/1"}],"replies":[{"embeddable":true,"href":"http:\/\/bueroklammer-zittau.de\/index.php?rest_route=%2Fwp%2Fv2%2Fcomments&post=42"}],"version-history":[{"count":160,"href":"http:\/\/bueroklammer-zittau.de\/index.php?rest_route=\/wp\/v2\/pages\/42\/revisions"}],"predecessor-version":[{"id":985,"href":"http:\/\/bueroklammer-zittau.de\/index.php?rest_route=\/wp\/v2\/pages\/42\/revisions\/985"}],"wp:attachment":[{"href":"http:\/\/bueroklammer-zittau.de\/index.php?rest_route=%2Fwp%2Fv2%2Fmedia&parent=42"}],"curies":[{"name":"wp","href":"https:\/\/api.w.org\/{rel}","templated":true}]}}